{"id":21,"date":"2017-10-12T00:01:02","date_gmt":"2017-10-11T21:01:02","guid":{"rendered":"http:\/\/dishekimi.gen.tr\/?page_id=21"},"modified":"2023-09-24T19:44:29","modified_gmt":"2023-09-24T16:44:29","slug":"dishekimi-telefonu-disdoktoru-iletisim-randevu","status":"publish","type":"page","link":"https:\/\/dishekimi.gen.tr\/en\/dishekimi-telefonu-disdoktoru-iletisim-randevu","title":{"rendered":"Contact"},"content":{"rendered":"\n<p>Please mail to us than we can inform you<\/p>\n","protected":false},"excerpt":{"rendered":"<p>Please mail to us than we can inform you<\/p>\n","protected":false},"author":1,"featured_media":6390,"parent":0,"menu_order":0,"comment_status":"closed","ping_status":"closed","template":"","meta":{"footnotes":""},"class_list":["post-21","page","type-page","status-publish","has-post-thumbnail","hentry","clearfix","post-index","fader"],"translation":{"provider":"WPGlobus","version":"3.0.0","language":"en","enabled_languages":["tr","en"],"languages":{"tr":{"title":true,"content":true,"excerpt":false},"en":{"title":true,"content":true,"excerpt":false}}},"yoast_head":"<!-- This site is optimized with the Yoast SEO plugin v23.9 - https:\/\/yoast.com\/wordpress\/plugins\/seo\/ -->\n<title>Di\u015f Hekimi Telefonu - Di\u015f Doktoru \u0130leti\u015fim - Randev\u00fc<\/title>\n<meta name=\"robots\" content=\"index, follow, max-snippet:-1, max-image-preview:large, max-video-preview:-1\" \/>\n<link rel=\"canonical\" href=\"https:\/\/dishekimi.gen.tr\/dishekimi-telefonu-disdoktoru-iletisim-randevu\" \/>\n<meta property=\"og:locale\" content=\"en_US\" \/>\n<meta property=\"og:type\" content=\"article\" \/>\n<meta property=\"og:title\" content=\"Contact - \u0130stanbul \u00dcsk\u00fcdar Libadiye Di\u015f Hekimi\" \/>\n<meta property=\"og:url\" content=\"https:\/\/dishekimi.gen.tr\/dishekimi-telefonu-disdoktoru-iletisim-randevu\" \/>\n<meta property=\"og:site_name\" content=\"\u0130stanbul \u00dcsk\u00fcdar Libadiye Di\u015f Hekimi\" \/>\n<meta property=\"article:modified_time\" content=\"2023-09-24T16:44:29+00:00\" \/>\n<meta property=\"og:image\" content=\"https:\/\/dishekimi.gen.tr\/wp-content\/uploads\/2018\/09\/iletisim-dis-hekimi.jpg\" \/>\n\t<meta property=\"og:image:width\" content=\"960\" \/>\n\t<meta property=\"og:image:height\" content=\"635\" \/>\n\t<meta property=\"og:image:type\" content=\"image\/jpeg\" \/>\n<meta name=\"twitter:card\" content=\"summary_large_image\" \/>\n<meta name=\"twitter:label1\" content=\"Est. reading time\" \/>\n\t<meta name=\"twitter:data1\" content=\"1 minute\" \/>\n<script type=\"application\/ld+json\" class=\"yoast-schema-graph\">{\"@context\":\"https:\/\/schema.org\",\"@graph\":[{\"@type\":\"WebPage\",\"@id\":\"https:\/\/dishekimi.gen.tr\/dishekimi-telefonu-disdoktoru-iletisim-randevu\",\"url\":\"https:\/\/dishekimi.gen.tr\/dishekimi-telefonu-disdoktoru-iletisim-randevu\",\"name\":\"Di\u015f Hekimi Telefonu - Di\u015f Doktoru \u0130leti\u015fim - Randev\u00fc\",\"isPartOf\":{\"@id\":\"https:\/\/dishekimi.gen.tr\/#website\"},\"primaryImageOfPage\":{\"@id\":\"https:\/\/dishekimi.gen.tr\/dishekimi-telefonu-disdoktoru-iletisim-randevu#primaryimage\"},\"image\":{\"@id\":\"https:\/\/dishekimi.gen.tr\/dishekimi-telefonu-disdoktoru-iletisim-randevu#primaryimage\"},\"thumbnailUrl\":\"https:\/\/dishekimi.gen.tr\/wp-content\/uploads\/2018\/09\/iletisim-dis-hekimi.jpg\",\"datePublished\":\"2017-10-11T21:01:02+00:00\",\"dateModified\":\"2023-09-24T16:44:29+00:00\",\"description\":\"Di\u015f Hekimi, Di\u015f Doktoru, \u0130stanbul\u2019un en iyi di\u015f hekimleri, implant tedavisi, implant fiyatlar\u0131\",\"breadcrumb\":{\"@id\":\"https:\/\/dishekimi.gen.tr\/dishekimi-telefonu-disdoktoru-iletisim-randevu#breadcrumb\"},\"inLanguage\":\"en-US\",\"potentialAction\":[{\"@type\":\"ReadAction\",\"target\":[\"https:\/\/dishekimi.gen.tr\/dishekimi-telefonu-disdoktoru-iletisim-randevu\"]}]},{\"@type\":\"ImageObject\",\"inLanguage\":\"en-US\",\"@id\":\"https:\/\/dishekimi.gen.tr\/dishekimi-telefonu-disdoktoru-iletisim-randevu#primaryimage\",\"url\":\"https:\/\/dishekimi.gen.tr\/wp-content\/uploads\/2018\/09\/iletisim-dis-hekimi.jpg\",\"contentUrl\":\"https:\/\/dishekimi.gen.tr\/wp-content\/uploads\/2018\/09\/iletisim-dis-hekimi.jpg\",\"width\":960,\"height\":635,\"caption\":\"Di\u015f Hekimi ileti\u015fim telefon adres mail\"},{\"@type\":\"BreadcrumbList\",\"@id\":\"https:\/\/dishekimi.gen.tr\/dishekimi-telefonu-disdoktoru-iletisim-randevu#breadcrumb\",\"itemListElement\":[{\"@type\":\"ListItem\",\"position\":1,\"name\":\"Ana sayfa\",\"item\":\"https:\/\/dishekimi.gen.tr\/\"},{\"@type\":\"ListItem\",\"position\":2,\"name\":\"\u0130leti\u015fim\"}]},{\"@type\":\"WebSite\",\"@id\":\"https:\/\/dishekimi.gen.tr\/#website\",\"url\":\"https:\/\/dishekimi.gen.tr\/\",\"name\":\"\u0130stanbul \u00dcsk\u00fcdar Libadiye Di\u015f Hekimi\",\"description\":\"\u0130stanbul&#039;da Di\u015f Hekimi | Di\u015f Doktoru\",\"potentialAction\":[{\"@type\":\"SearchAction\",\"target\":{\"@type\":\"EntryPoint\",\"urlTemplate\":\"https:\/\/dishekimi.gen.tr\/?s={search_term_string}\"},\"query-input\":{\"@type\":\"PropertyValueSpecification\",\"valueRequired\":true,\"valueName\":\"search_term_string\"}}],\"inLanguage\":\"en-US\"}]}<\/script>\n<!-- \/ Yoast SEO plugin. -->","yoast_head_json":{"title":"Di\u015f Hekimi Telefonu - Di\u015f Doktoru \u0130leti\u015fim - Randev\u00fc","robots":{"index":"index","follow":"follow","max-snippet":"max-snippet:-1","max-image-preview":"max-image-preview:large","max-video-preview":"max-video-preview:-1"},"canonical":"https:\/\/dishekimi.gen.tr\/dishekimi-telefonu-disdoktoru-iletisim-randevu","og_locale":"en_US","og_type":"article","og_title":"Contact - \u0130stanbul \u00dcsk\u00fcdar Libadiye Di\u015f Hekimi","og_url":"https:\/\/dishekimi.gen.tr\/dishekimi-telefonu-disdoktoru-iletisim-randevu","og_site_name":"\u0130stanbul \u00dcsk\u00fcdar Libadiye Di\u015f Hekimi","article_modified_time":"2023-09-24T16:44:29+00:00","og_image":[{"width":960,"height":635,"url":"https:\/\/dishekimi.gen.tr\/wp-content\/uploads\/2018\/09\/iletisim-dis-hekimi.jpg","type":"image\/jpeg"}],"twitter_card":"summary_large_image","twitter_misc":{"Est. reading time":"1 minute"},"schema":{"@context":"https:\/\/schema.org","@graph":[{"@type":"WebPage","@id":"https:\/\/dishekimi.gen.tr\/dishekimi-telefonu-disdoktoru-iletisim-randevu","url":"https:\/\/dishekimi.gen.tr\/dishekimi-telefonu-disdoktoru-iletisim-randevu","name":"Di\u015f Hekimi Telefonu - Di\u015f Doktoru \u0130leti\u015fim - Randev\u00fc","isPartOf":{"@id":"https:\/\/dishekimi.gen.tr\/#website"},"primaryImageOfPage":{"@id":"https:\/\/dishekimi.gen.tr\/dishekimi-telefonu-disdoktoru-iletisim-randevu#primaryimage"},"image":{"@id":"https:\/\/dishekimi.gen.tr\/dishekimi-telefonu-disdoktoru-iletisim-randevu#primaryimage"},"thumbnailUrl":"https:\/\/dishekimi.gen.tr\/wp-content\/uploads\/2018\/09\/iletisim-dis-hekimi.jpg","datePublished":"2017-10-11T21:01:02+00:00","dateModified":"2023-09-24T16:44:29+00:00","description":"Di\u015f Hekimi, Di\u015f Doktoru, \u0130stanbul\u2019un en iyi di\u015f hekimleri, implant tedavisi, implant fiyatlar\u0131","breadcrumb":{"@id":"https:\/\/dishekimi.gen.tr\/dishekimi-telefonu-disdoktoru-iletisim-randevu#breadcrumb"},"inLanguage":"en-US","potentialAction":[{"@type":"ReadAction","target":["https:\/\/dishekimi.gen.tr\/dishekimi-telefonu-disdoktoru-iletisim-randevu"]}]},{"@type":"ImageObject","inLanguage":"en-US","@id":"https:\/\/dishekimi.gen.tr\/dishekimi-telefonu-disdoktoru-iletisim-randevu#primaryimage","url":"https:\/\/dishekimi.gen.tr\/wp-content\/uploads\/2018\/09\/iletisim-dis-hekimi.jpg","contentUrl":"https:\/\/dishekimi.gen.tr\/wp-content\/uploads\/2018\/09\/iletisim-dis-hekimi.jpg","width":960,"height":635,"caption":"Di\u015f Hekimi ileti\u015fim telefon adres mail"},{"@type":"BreadcrumbList","@id":"https:\/\/dishekimi.gen.tr\/dishekimi-telefonu-disdoktoru-iletisim-randevu#breadcrumb","itemListElement":[{"@type":"ListItem","position":1,"name":"Ana sayfa","item":"https:\/\/dishekimi.gen.tr\/"},{"@type":"ListItem","position":2,"name":"\u0130leti\u015fim"}]},{"@type":"WebSite","@id":"https:\/\/dishekimi.gen.tr\/#website","url":"https:\/\/dishekimi.gen.tr\/","name":"\u0130stanbul \u00dcsk\u00fcdar Libadiye Di\u015f Hekimi","description":"\u0130stanbul&#039;da Di\u015f Hekimi | Di\u015f Doktoru","potentialAction":[{"@type":"SearchAction","target":{"@type":"EntryPoint","urlTemplate":"https:\/\/dishekimi.gen.tr\/?s={search_term_string}"},"query-input":{"@type":"PropertyValueSpecification","valueRequired":true,"valueName":"search_term_string"}}],"inLanguage":"en-US"}]}},"_links":{"self":[{"href":"https:\/\/dishekimi.gen.tr\/en\/wp-json\/wp\/v2\/pages\/21","targetHints":{"allow":["GET"]}}],"collection":[{"href":"https:\/\/dishekimi.gen.tr\/en\/wp-json\/wp\/v2\/pages"}],"about":[{"href":"https:\/\/dishekimi.gen.tr\/en\/wp-json\/wp\/v2\/types\/page"}],"author":[{"embeddable":true,"href":"https:\/\/dishekimi.gen.tr\/en\/wp-json\/wp\/v2\/users\/1"}],"replies":[{"embeddable":true,"href":"https:\/\/dishekimi.gen.tr\/en\/wp-json\/wp\/v2\/comments?post=21"}],"version-history":[{"count":19,"href":"https:\/\/dishekimi.gen.tr\/en\/wp-json\/wp\/v2\/pages\/21\/revisions"}],"predecessor-version":[{"id":6449,"href":"https:\/\/dishekimi.gen.tr\/en\/wp-json\/wp\/v2\/pages\/21\/revisions\/6449"}],"wp:featuredmedia":[{"embeddable":true,"href":"https:\/\/dishekimi.gen.tr\/en\/wp-json\/wp\/v2\/media\/6390"}],"wp:attachment":[{"href":"https:\/\/dishekimi.gen.tr\/en\/wp-json\/wp\/v2\/media?parent=21"}],"curies":[{"name":"wp","href":"https:\/\/api.w.org\/{rel}","templated":true}]}}